{"id":6760,"date":"2019-02-13T17:55:47","date_gmt":"2019-02-13T16:55:47","guid":{"rendered":"https:\/\/www.cape-coral.com\/info\/?page_id=6760"},"modified":"2019-02-13T17:57:12","modified_gmt":"2019-02-13T16:57:12","slug":"villa-mit-boot","status":"publish","type":"page","link":"https:\/\/www.cape-coral.com\/info\/villa-mit-boot\/","title":{"rendered":"Villa mit Boot"},"content":{"rendered":"\n<h2>Wie w\u00e4re es mit einem luxuri\u00f6sen Ferienhaus als St\u00fctzpunkt? Mieten Sie dazu auf Wunsch Ihr eigenes Boot!<\/h2>\n\n\n\n<p>Das muss kein Traum bleiben. Machen Sie sich unabh\u00e4ngig von vollen und lauten Hotelanlagen. Tauchen Sie ein in den Alltag der einheimischen Bev\u00f6lkerung. Genie\u00dfen Sie Ihren&nbsp;<strong>wohlverdienten Urlaub&nbsp;<\/strong>in einem&nbsp;<strong>paradiesisch gelegenen Ferienhaus<\/strong>&nbsp;mit beheizbarem Pool.<\/p>\n\n\n\n<ul class=\"is-layout-flex wp-block-gallery-1 wp-block-gallery alignwide columns-3 is-cropped\"><li class=\"blocks-gallery-item\"><figure><img decoding=\"async\" loading=\"lazy\" width=\"1024\" height=\"576\" src=\"https:\/\/www.cape-coral.com\/info\/wp-content\/uploads\/2019\/02\/Areial-5-1024x576.jpg\" alt=\"Blick auf zwei Ferienvillen von deutschen Vermietern Florida\" data-id=\"6725\" data-link=\"https:\/\/www.cape-coral.com\/info\/areial-5\/\" class=\"wp-image-6725\" srcset=\"https:\/\/www.cape-coral.com\/info\/wp-content\/uploads\/2019\/02\/Areial-5-1024x576.jpg 1024w, https:\/\/www.cape-coral.com\/info\/wp-content\/uploads\/2019\/02\/Areial-5-300x169.jpg 300w, https:\/\/www.cape-coral.com\/info\/wp-content\/uploads\/2019\/02\/Areial-5-768x432.jpg 768w, https:\/\/www.cape-coral.com\/info\/wp-content\/uploads\/2019\/02\/Areial-5.jpg 1778w\" sizes=\"(max-width: 1024px) 100vw, 1024px\" \/><\/figure><\/li><li class=\"blocks-gallery-item\"><figure><img decoding=\"async\" loading=\"lazy\" width=\"1024\" height=\"1024\" src=\"https:\/\/www.cape-coral.com\/info\/wp-content\/uploads\/2019\/02\/Boote-Kanal-Cape-Coral-e1549450944913-1024x1024.jpg\" alt=\"Boot f\u00e4hrt auf Kanal in Cape Coral\" data-id=\"6773\" data-link=\"https:\/\/www.cape-coral.com\/info\/boote-kanal-cape-coral\/\" class=\"wp-image-6773\" srcset=\"https:\/\/www.cape-coral.com\/info\/wp-content\/uploads\/2019\/02\/Boote-Kanal-Cape-Coral-e1549450944913-1024x1024.jpg 1024w, https:\/\/www.cape-coral.com\/info\/wp-content\/uploads\/2019\/02\/Boote-Kanal-Cape-Coral-e1549450944913-150x150.jpg 150w, https:\/\/www.cape-coral.com\/info\/wp-content\/uploads\/2019\/02\/Boote-Kanal-Cape-Coral-e1549450944913-300x300.jpg 300w, https:\/\/www.cape-coral.com\/info\/wp-content\/uploads\/2019\/02\/Boote-Kanal-Cape-Coral-e1549450944913-768x768.jpg 768w, https:\/\/www.cape-coral.com\/info\/wp-content\/uploads\/2019\/02\/Boote-Kanal-Cape-Coral-e1549450944913-100x100.jpg 100w\" sizes=\"(max-width: 1024px) 100vw, 1024px\" \/><\/figure><\/li><li class=\"blocks-gallery-item\"><figure><img decoding=\"async\" loading=\"lazy\" width=\"1024\" height=\"768\" src=\"https:\/\/www.cape-coral.com\/info\/wp-content\/uploads\/2019\/02\/Boote-Hafen-Cape-Coral-1024x768.jpg\" alt=\"Hafen von Cape Coral voll mit Booten\" data-id=\"6771\" data-link=\"https:\/\/www.cape-coral.com\/info\/boote-hafen-cape-coral\/\" class=\"wp-image-6771\" srcset=\"https:\/\/www.cape-coral.com\/info\/wp-content\/uploads\/2019\/02\/Boote-Hafen-Cape-Coral-1024x768.jpg 1024w, https:\/\/www.cape-coral.com\/info\/wp-content\/uploads\/2019\/02\/Boote-Hafen-Cape-Coral-300x225.jpg 300w, https:\/\/www.cape-coral.com\/info\/wp-content\/uploads\/2019\/02\/Boote-Hafen-Cape-Coral-768x576.jpg 768w\" sizes=\"(max-width: 1024px) 100vw, 1024px\" \/><\/figure><\/li><li class=\"blocks-gallery-item\"><figure><img decoding=\"async\" loading=\"lazy\" width=\"1024\" height=\"768\" src=\"https:\/\/www.cape-coral.com\/info\/wp-content\/uploads\/2019\/02\/Kanal-Cape-Coral-1024x768.jpg\" alt=\"Sonnenuntergang auf Kanal in Cape Coral\" data-id=\"6777\" data-link=\"https:\/\/www.cape-coral.com\/info\/kanal-cape-coral\/\" class=\"wp-image-6777\" srcset=\"https:\/\/www.cape-coral.com\/info\/wp-content\/uploads\/2019\/02\/Kanal-Cape-Coral-1024x768.jpg 1024w, https:\/\/www.cape-coral.com\/info\/wp-content\/uploads\/2019\/02\/Kanal-Cape-Coral-300x225.jpg 300w, https:\/\/www.cape-coral.com\/info\/wp-content\/uploads\/2019\/02\/Kanal-Cape-Coral-768x576.jpg 768w, https:\/\/www.cape-coral.com\/info\/wp-content\/uploads\/2019\/02\/Kanal-Cape-Coral.jpg 1280w\" sizes=\"(max-width: 1024px) 100vw, 1024px\" \/><\/figure><\/li><li class=\"blocks-gallery-item\"><figure><img decoding=\"async\" loading=\"lazy\" width=\"1024\" height=\"768\" src=\"https:\/\/www.cape-coral.com\/info\/wp-content\/uploads\/2019\/02\/Villa-mit-Boot-1024x768.jpg\" alt=\"Blick vom Boot vor Villa auf Kanal von Cape Coral\" data-id=\"6779\" data-link=\"https:\/\/www.cape-coral.com\/info\/villa-mit-boot\/\" class=\"wp-image-6779\" srcset=\"https:\/\/www.cape-coral.com\/info\/wp-content\/uploads\/2019\/02\/Villa-mit-Boot.jpg 1024w, https:\/\/www.cape-coral.com\/info\/wp-content\/uploads\/2019\/02\/Villa-mit-Boot-300x225.jpg 300w, https:\/\/www.cape-coral.com\/info\/wp-content\/uploads\/2019\/02\/Villa-mit-Boot-768x576.jpg 768w\" sizes=\"(max-width: 1024px) 100vw, 1024px\" \/><\/figure><\/li><\/ul>\n\n\n\n<h3>Kennen Sie das Gef\u00fchl, sich an einem eigentlich fremden Ort zu Hause zu f\u00fchlen?<br><\/h3>\n\n\n\n<p>Genau&nbsp;<strong>so ein Ort ist Cape Coral<\/strong>. Eine boomende Stadt, wie es sie \u00fcberall gibt. Und doch so ganz anders. Hier das pulsierende Leben und nur wenige Kilometer weiter eine urw\u00fcchsige Mangroven-Landschaft, durch die sich eine&nbsp;<strong>Vielzahl von Wasserstra\u00dfen<\/strong>&nbsp;mit einer Gesamtl\u00e4nge von mehreren Hundert Kilometern schl\u00e4ngelt. Einige von ihnen f\u00fchren direkt bis an den&nbsp;<strong>Golf von Mexiko<\/strong>. Ein Paradies f\u00fcr Wassersportler und Hobby-Kapit\u00e4ne. So d\u00fcrfen Sie sich bei uns gerne f\u00fchlen. Denn wir geh\u00f6ren zu den f\u00fchrenden Anbietern von Ferienh\u00e4usern und Villen mit Boot. <\/p>\n\n\n\n<p>Entdecken Sie die&nbsp;<strong><a href=\"https:\/\/www.cape-coral.com\/info\/vor-ort\/strand\/\">sch\u00f6nsten Str\u00e4nde<\/a> Floridas<\/strong>&nbsp;vom Land und vom Meer aus. Mieten Sie das f\u00fcr Sie passende Leistungsangebot. Sie haben die Wahl, von der Wohnfl\u00e4che \u00fcber die Anzahl der Schlafzimmer und den Pool bis zum optimalen Freizeitangebot. Und da man so viel Luxus im Kreis lieber Menschen noch viel mehr genie\u00dfen kann, laden Sie sich doch einfach ein paar G\u00e4ste ein. An Schlafzimmern besteht kein Mangel. &nbsp;So macht auch eine Tour im Motorboot gleich doppelt so viel Spa\u00df!<\/p>\n\n\n\n<figure class=\"wp-block-embed-youtube wp-block-embed is-type-video is-provider-youtube wp-embed-aspect-16-9 wp-has-aspect-ratio\"><div class=\"wp-block-embed__wrapper\">\n<iframe loading=\"lazy\" width=\"750\" height=\"422\" src=\"https:\/\/www.youtube.com\/embed\/R_hV7b4F5Bc?start=26&#038;feature=oembed\" frameborder=\"0\" allow=\"accelerometer; autoplay; encrypted-media; gyroscope; picture-in-picture\" allowfullscreen><\/iframe>\n<\/div><figcaption>Dies ist eines der vielen Villen f\u00fcr Bootfans, die Sie bei uns mieten k\u00f6nnen. <br><a href=\"https:\/\/www.cape-coral.com\/ferienhaus-mieten\/happy-cape-2\">HIER<\/a> gibt es mehr Informationen zu unserer Villa &#8222;Happy Cape 2&#8220;<\/figcaption><\/figure>\n\n\n\n<h2>Diese Boote k\u00f6nnen Sie zu unseren Villen in Cape Coral mieten<br><\/h2>\n\n\n\n<p>Sie haben die Wahl. F\u00fcr Ihre Ausfl\u00fcge zu Wasser stehen&nbsp;<strong>verschiedenste Boote<\/strong>&nbsp;unterschiedlicher Gr\u00f6\u00dfe und Ausstattung zur Miete bereit. Teilen Sie uns bereits bei der Buchung Ihrer Villa Ihren Wunsch mit. Wir erf\u00fcllen ihn. In enger Abstimmung mit Ihnen planen wir einen unvergesslichen Urlaub und sorgen daf\u00fcr, dass Ihr Boot zum gew\u00fcnschten Termin auf Sie wartet.&nbsp;<br><\/p>\n\n\n\n<div class=\"wp-block-button\"><a class=\"wp-block-button__link has-text-color has-very-dark-gray-color has-background\" href=\"https:\/\/www.cape-coral.com\/boote-mieten\/bootsverleih-cape-coral\" style=\"background-color:#fff200\">HIER!<br>\u00dcbersicht der Boote<br><\/a><\/div>\n\n\n\n<h2>Wichtige Fragen Rund ums Thema <br>Villa mit Boot mieten<\/h2>\n\n\n\n<h3>Muss ich das Boot w\u00e4hrend des ganzen Urlaubs mieten?<\/h3>\n\n\n\n<p>Nat\u00fcrlich nicht. Sie treffen die Entscheidung. Es ist schlie\u00dflich Ihr Urlaub im Paradies. Die&nbsp;<strong>Mindestmietdauer<\/strong>&nbsp;betr\u00e4gt einen ganzen Tag. Darunter lohnt es sich ohnehin nicht. Wie lange Sie das Boot dar\u00fcber hinaus nutzen wollen, h\u00e4ngt von Ihrer Planung ab. Je l\u00e4nger Sie das Boot mieten m\u00f6chten, desto empfehlenswerter ist eine Vorabreservierung.<\/p>\n\n\n\n<figure class=\"wp-block-image\"><img decoding=\"async\" loading=\"lazy\" width=\"1024\" height=\"768\" src=\"https:\/\/www.cape-coral.com\/info\/wp-content\/uploads\/2019\/02\/Bootsausflug-Golf-Mexiko-1024x768.jpg\" alt=\"Bootstour mit einem unserer Mietboote Florida\" class=\"wp-image-6775\" srcset=\"https:\/\/www.cape-coral.com\/info\/wp-content\/uploads\/2019\/02\/Bootsausflug-Golf-Mexiko-1024x768.jpg 1024w, https:\/\/www.cape-coral.com\/info\/wp-content\/uploads\/2019\/02\/Bootsausflug-Golf-Mexiko-300x225.jpg 300w, https:\/\/www.cape-coral.com\/info\/wp-content\/uploads\/2019\/02\/Bootsausflug-Golf-Mexiko-768x576.jpg 768w, https:\/\/www.cape-coral.com\/info\/wp-content\/uploads\/2019\/02\/Bootsausflug-Golf-Mexiko.jpg 2048w\" sizes=\"(max-width: 1024px) 100vw, 1024px\" \/><figcaption>Ein besonderer Tag: Bootsausflug mit Freunden vor Cape Coral<br><\/figcaption><\/figure>\n\n\n\n<h3>Wie kommt das Boot zur Ferienvilla?<\/h3>\n\n\n\n<p>Ganz entspannt. Zumindest f\u00fcr Sie. Sofern Ihnen der Eigent\u00fcmer der Villa kein Boot zur Verf\u00fcgung stellt, bringen wir Ihnen das Mietobjekt&nbsp;<strong>direkt an den Steg hinter Ihrem Haus<\/strong>. Nach einer kurzen&nbsp;<strong>Einweisung<\/strong>&nbsp;\u00fcbernehmen Sie das Ruder f\u00fcr die Zeit der Miete. Und schon geht\u00b4s ins Kielwasser der gro\u00dfen Entdecker. <\/p>\n\n\n\n<div class=\"su-box su-box-style-soft\" id=\"\" style=\"border-color:#ccbf00;border-radius:3px\"><div class=\"su-box-title\" style=\"background-color:#fff200;color:#5e5e5e;border-top-left-radius:1px;border-top-right-radius:1px\">Ein kleiner Exkurs:<\/div><div class=\"su-box-content su-u-clearfix su-u-trim\" style=\"border-bottom-left-radius:1px;border-bottom-right-radius:1px\">Als Entdecker gelten zwar die Spanier, die 1513 auf die Insel stie\u00dfen und sie nach dem \u00f6sterlichen Blumenfest &#8222;Pascua Florida&#8220; nannten. Tats\u00e4chlich lebten hier aber wohl schon vor 10.000 Jahren Menschen.&nbsp;<br><a href=\"https:\/\/www.planet-wissen.de\/kultur\/nordamerika\/florida\/pwiegeschichtefloridas100.html\">https:\/\/www.planet-wissen.de\/kultur\/nordamerika\/florida\/pwiegeschichtefloridas100.html<\/a><\/div><\/div><br><\/p>\n\n\n\n<h3>Wie kann ich mein Boot mieten?<\/h3>\n\n\n\n<p>Ebenso einfach, wie Sie Ihre Villa mieten k\u00f6nnen.&nbsp;<strong>Online oder telefonisch<\/strong>. Ihre Ansprechpartner bei&nbsp;<strong>Happy Cape Boat und Villa Service<\/strong>&nbsp;sprechen deutsch und englisch. Wir beraten Sie gern bei der Auswahl. Zum Einstieg stehen kleinere Boote bereit. Je nach Gr\u00f6\u00dfe sind diese f\u00fcr 8-12 Personen geeignet. F\u00fcr erfahrene Skipper stehen auch Boote mit mehr als 500 PS und Jet Motor zur Verf\u00fcgung.&nbsp;<br><br><\/p>\n\n\n\n<div class=\"wp-block-button\"><a class=\"wp-block-button__link has-text-color has-very-dark-gray-color has-background\" href=\"https:\/\/www.cape-coral.com\/boote-mieten\/bootsverleih-cape-coral\" style=\"background-color:#fff200\">HIER geht&#8217;s zu einer&nbsp;<br>Auswahl an Booten<br><\/a><\/div>\n\n\n\n<h4>Checkliste: Villa und Boot in Cape Coral mieten<\/h4>\n\n\n\n<ol><li>Schicken Sie uns Ihre Anfrage an&nbsp;<a href=\"email: info@happycape.com\">info@happycape.com<\/a>.&nbsp;&nbsp;Wenn Sie bereits ein bestimmtes Datum f\u00fcr Ihren Urlaub in Cape Coral, Florida, geplant haben, k\u00f6nnen Sie uns Ihren Wunschtermin gerne schon mitteilen. Sie k\u00f6nnen uns nat\u00fcrlich auch telefonisch erreichen: <a href=\"tel:+49 208 9983337\">+49 (0208) 9983337<\/a> (Deutschland) oder <a href=\"tel: +1 239 233 0258\">+1 239 233 0258<\/a> (Florida, USA).<\/li><li>Wir setzen uns umgehend mit Ihnen in Verbindung.<\/li><li>Gemeinsam suchen wir unter allen zur Verf\u00fcgung stehenden Villen und Booten die&nbsp;<strong>auf ihre Bed\u00fcrfnisse<\/strong>&nbsp;optimal passenden Objekte aus.&nbsp;<\/li><li>Wir sorgen daf\u00fcr, dass bei Ihrer Ankunft in Cape Coral alles bestens f\u00fcr einen traumhaften Urlaub in Florida vorbereitet ist. Die modern ausgestatteten Schlafzimmer warten ebenso wie der Pool auf Sie. Wenn Sie zus\u00e4tzlich ein Boot gemietet haben, wird es zum Wunschtermin angeliefert.<\/li><li>Da bleiben f\u00fcr Sie nur noch zwei Aufgaben: Koffer packen und die Vorfreude auf unsere Villen in Cape Coral genie\u00dfen.&nbsp;<\/li><\/ol>\n\n\n\n<figure class=\"wp-block-embed-youtube wp-block-embed is-type-video is-provider-youtube wp-embed-aspect-16-9 wp-has-aspect-ratio\"><div class=\"wp-block-embed__wrapper\">\n<iframe loading=\"lazy\" width=\"750\" height=\"422\" src=\"https:\/\/www.youtube.com\/embed\/yOb1JO4H1rE?feature=oembed\" frameborder=\"0\" allow=\"accelerometer; autoplay; encrypted-media; gyroscope; picture-in-picture\" allowfullscreen><\/iframe>\n<\/div><figcaption>Ein Schwarm voll Delphine h\u00fcpfen hinter fahrenden Motorboot her &#8211; Sehen Sie selbst<br><br><\/figcaption><\/figure>\n\n\n\n<h3>Welche Voraussetzungen sind erforderlich, um eine Villa mit Boot zu mieten?<\/h3>\n\n\n\n<p>Die H\u00fcrden f\u00fcr die Anmietung und das Bewegen eines Bootes in \u00f6ffentlichen Gew\u00e4ssern sind in Florida relativ niedrig. Einzige Einschr\u00e4nkung: Das Alter. Man muss mindestens 21 Jahre alt sein.<br><\/p>\n\n\n\n<h4>Brauche ich einen Bootsf\u00fchrerschein?<\/h4>\n\n\n\n<p>Knappe Antwort:&nbsp;<strong>nein, wenn ich vor dem 1.1.1988 geboren wurde.<\/strong><br><\/p>\n\n\n\n<h3>Wie steht\u00b4s mit der Versicherung beim Mietboot?<\/h3>\n\n\n\n<p>Man muss kein erfahrener Seeb\u00e4r sein, um mit einem unserer Boote&nbsp;<strong>die Wasserwege Floridas<\/strong>&nbsp;zu erkunden. Trotzdem kann es immer wieder mal zu einem Schaden kommen. Dann steht nat\u00fcrlich immer eine Frage zuerst im Raum.<br><br><\/p>\n\n\n\n<h4>Bin ich versichert in Cape Coral, Florida, USA?<\/h4>\n\n\n\n<p>Sind Sie. Alle Boote, die Sie bei uns mieten k\u00f6nnen, sind&nbsp;<strong>haftpflicht- und kaskoversichert<\/strong>.&nbsp;<br><br><\/p>\n\n\n\n<h5>Unsere Zusatzversicherung f\u00fcr alle F\u00e4lle<\/h5>\n\n\n\n<p>Was der ADAC hierzulande f\u00fcr die Autofahrer ist, ist&nbsp;<strong>Sea Tow<\/strong>&nbsp;f\u00fcr den \u201egestrandeten\u201c Skipper. Auch in Florida. Ob der Sprit ausgegangen ist, die Batterie streikt oder man die Wassertiefe untersch\u00e4tzt hat. Die&nbsp;<strong>Sea Tow-Mitglieder sind Profis<\/strong>&nbsp;und immer zur Stelle, wenn der Freizeitkapit\u00e4n eine helfende Hand ben\u00f6tigt. 24 Stunden am Tag, 7 Tage die Woche. Anders als die Haftpflicht- und die Kaskoversicherung verf\u00fcgt Sea Tow \u00fcber eigene Boote, die&nbsp;<strong>im Notfall<\/strong>&nbsp;so schnell wie m\u00f6glich zu Hilfe kommen. Da f\u00fchlt man sich gleich viel sicherer.<\/p>\n\n\n\n<p><br><\/p>\n\n\n\n<ul class=\"is-layout-flex wp-block-gallery-3 wp-block-gallery alignwide columns-1 is-cropped\"><li class=\"blocks-gallery-item\"><figure><img decoding=\"async\" loading=\"lazy\" width=\"1024\" height=\"768\" src=\"https:\/\/www.cape-coral.com\/info\/wp-content\/uploads\/2019\/02\/Villa-mit-Boot2-1024x768.jpg\" alt=\"Kanalstra\u00dfe zum offenen Meer in Cape Coral\" data-id=\"6781\" data-link=\"https:\/\/www.cape-coral.com\/info\/villa-mit-boot2\/\" class=\"wp-image-6781\" srcset=\"https:\/\/www.cape-coral.com\/info\/wp-content\/uploads\/2019\/02\/Villa-mit-Boot2.jpg 1024w, https:\/\/www.cape-coral.com\/info\/wp-content\/uploads\/2019\/02\/Villa-mit-Boot2-300x225.jpg 300w, https:\/\/www.cape-coral.com\/info\/wp-content\/uploads\/2019\/02\/Villa-mit-Boot2-768x576.jpg 768w\" sizes=\"(max-width: 1024px) 100vw, 1024px\" \/><\/figure><\/li><\/ul>\n\n\n\n<p><br><\/p>\n\n\n\n<h2>Wenn es um Boote und Villen mit Pool in Cape Coral geht, sind Sie bei uns und unserem kompetenten Bootsteam richtig!<\/h2>\n\n\n\n<p>Nat\u00fcrlich lassen wir Sie nicht einfach mit Ihrem angemieteten Boot im Regen stehen. Unsere Mitarbeiter sind&nbsp;<strong>erfahrene Bootsf\u00fchrer<\/strong>. Die geben Ihnen gerne etwas von ihrem Know-how ab. Es reicht nicht, wenn Sie uns am Ende Ihres Urlaubs das Boot zur\u00fcckgeben. Wir wollen, dass Sie es mit einem lachenden und einem weinenden Auge tun, weil gerade der beste Urlaub Ihres Lebens zu Ende geht.&nbsp;<br><\/p>\n\n\n\n<h3>Was passiert bei einer Einweisung?<\/h3>\n\n\n\n<div class=\"wp-block-image\"><figure class=\"alignleft\"><img decoding=\"async\" loading=\"lazy\" width=\"300\" height=\"225\" src=\"https:\/\/www.cape-coral.com\/info\/wp-content\/uploads\/2019\/02\/ferienhaus-boot-300x225.jpeg\" alt=\"Kanal von Cape Coral Venedig Floridas\" class=\"wp-image-6596\" srcset=\"https:\/\/www.cape-coral.com\/info\/wp-content\/uploads\/2019\/02\/ferienhaus-boot-300x225.jpeg 300w, https:\/\/www.cape-coral.com\/info\/wp-content\/uploads\/2019\/02\/ferienhaus-boot-768x576.jpeg 768w, https:\/\/www.cape-coral.com\/info\/wp-content\/uploads\/2019\/02\/ferienhaus-boot-1024x768.jpeg 1024w\" sizes=\"(max-width: 300px) 100vw, 300px\" \/><\/figure><\/div>\n\n\n\n<p>Einweisung h\u00f6rt sich nach sehr viel Theorie und Langeweile an. Hand auf&#8217;s Herz: Das braucht kein Mensch im Urlaub. Sie erwartet kein Referat in Ihrer Villa. &nbsp;Wir bevorzugen \u201e<strong>learning by doing<\/strong>\u201c. Das allerdings in Begleitung von Profis.&nbsp;<strong>Kapit\u00e4n<\/strong>&nbsp;Oliver Piskulic oder Carsten Siebert holen Sie in Ihrer Villa ab. Von dem Moment an d\u00fcrfen Sie sich schon ein wenig wie Captain Cook f\u00fchlen. Durch&nbsp;<strong>die Kan\u00e4le<\/strong>&nbsp;geht es hinaus bis aufs Meer. So werden Sie nicht nur mit den \u00f6rtlichen Gegebenheiten vertraut. Sie lernen auch&nbsp;<strong>an- und abzulegen<\/strong>&nbsp;und &#8211; ganz wichtig \u2013 an einer der drei Bootstankstellen in Cape Coral zu tanken. Nach dieser Einf\u00fchrung bedienen Sie das Boot mit der gleichen Selbstverst\u00e4ndlichkeit wie Ihr Auto daheim.&nbsp;<br><\/p>\n\n\n\n<h3>Wie w\u00e4re es mit einer Captain\u00b4s Tour?<\/h3>\n\n\n\n<p>Sie wollen die Wasserstra\u00dfen Floridas kennenlernen, aber nicht selbst ans Ruder? Dann buchen Sie doch eine<strong>&nbsp;Captain\u00b4s Tour<\/strong>. G\u00f6nnen Sie sich eine atemberaubende Erkundungstour zu traumhaften Urlaubszielen und \u00fcberlassen die Technik und den Geruch von Maschinen\u00f6l einfach anderen.&nbsp;<\/p>\n\n\n\n<div class=\"wp-block-button\"><a class=\"wp-block-button__link has-text-color has-very-dark-gray-color has-background\" href=\"https:\/\/www.cape-coral.com\/unser-team\" style=\"background-color:#fff200\">HIER finden Sie&nbsp;<br>das TEAM von HAPPY-CAPE<br><\/a><\/div>\n\n\n\n<p><br><\/p>\n\n\n\n<h2>Wie w\u00e4re es schon vorab mit ein wenig Florida-Feeling?<\/h2>\n\n\n\n<p>Dann sollen Sie das auch bekommen. Die Vorfreude geh\u00f6rt schlie\u00dflich zu einem erlebnisreichen Urlaub ebenso dazu wie die Wochen in Florida. Darauf wollen wir Sie schon ein wenig einstimmen. Erinnern Sie sich noch an Miami Vice, die Kult-Serie der 80er Jahre? Millionen Menschen tr\u00e4umten damals davon, einmal wie der Hauptdarsteller James \u201eSonny\u201c Crockett \u00fcber die endlos scheinenden Highways des Sunshine-States zu gleiten. Es gibt Orte, die strahlen eine ganz eigene Magie aus. Florida geh\u00f6rt zu diesen seltenen Flecken auf der Landkarte. Schon die geografische Lage verhei\u00dft einen m\u00e4rchenhaften Urlaub unter meist strahlend blauem Himmel. Nur Hawaii liegt von allen US-Bundesstaaten noch etwas s\u00fcdlicher. Im Fr\u00fchling und im Sommer liegen die Tagestemperaturen selten unter 30\u00b0 C. Selbst im Winter herrscht ein angenehmes Klima. Kaum irgendwo auf der Welt lohnt sich der eigene Pool vor dem Schlafzimmer wie in Florida.&nbsp;<\/p>\n\n\n\n<p><br><\/p>\n\n\n\n<ul class=\"is-layout-flex wp-block-gallery-5 wp-block-gallery alignwide columns-3 is-cropped\"><li class=\"blocks-gallery-item\"><figure><img decoding=\"async\" loading=\"lazy\" width=\"1024\" height=\"768\" src=\"https:\/\/www.cape-coral.com\/info\/wp-content\/uploads\/2019\/02\/Boot-Cape-Coral-1024x768.jpg\" alt=\"Bootstour von Cape Coral Florida\" data-id=\"6767\" data-link=\"https:\/\/www.cape-coral.com\/info\/olympus-digital-camera\/\" class=\"wp-image-6767\" srcset=\"https:\/\/www.cape-coral.com\/info\/wp-content\/uploads\/2019\/02\/Boot-Cape-Coral-1024x768.jpg 1024w, https:\/\/www.cape-coral.com\/info\/wp-content\/uploads\/2019\/02\/Boot-Cape-Coral-300x225.jpg 300w, https:\/\/www.cape-coral.com\/info\/wp-content\/uploads\/2019\/02\/Boot-Cape-Coral-768x576.jpg 768w, https:\/\/www.cape-coral.com\/info\/wp-content\/uploads\/2019\/02\/Boot-Cape-Coral.jpg 2048w\" sizes=\"(max-width: 1024px) 100vw, 1024px\" \/><\/figure><\/li><li class=\"blocks-gallery-item\"><figure><img decoding=\"async\" loading=\"lazy\" width=\"1024\" height=\"680\" src=\"https:\/\/www.cape-coral.com\/info\/wp-content\/uploads\/2019\/02\/Bootsausfluege1-1024x680.jpg\" alt=\"Bootstour auf offenen Meer Cape coral Florida\" data-id=\"6582\" data-link=\"https:\/\/www.cape-coral.com\/info\/vor-ort\/bootsausfluege\/attachment\/bootsausfluege1\/\" class=\"wp-image-6582\" srcset=\"https:\/\/www.cape-coral.com\/info\/wp-content\/uploads\/2019\/02\/Bootsausfluege1-1024x680.jpg 1024w, https:\/\/www.cape-coral.com\/info\/wp-content\/uploads\/2019\/02\/Bootsausfluege1-300x199.jpg 300w, https:\/\/www.cape-coral.com\/info\/wp-content\/uploads\/2019\/02\/Bootsausfluege1-768x510.jpg 768w\" sizes=\"(max-width: 1024px) 100vw, 1024px\" \/><\/figure><\/li><li class=\"blocks-gallery-item\"><figure><img decoding=\"async\" loading=\"lazy\" width=\"333\" height=\"250\" src=\"https:\/\/www.cape-coral.com\/info\/wp-content\/uploads\/2019\/02\/Bootsausflug.jpeg\" alt=\"Boot von Hinten Tour Cape Coral\" data-id=\"6588\" data-link=\"https:\/\/www.cape-coral.com\/info\/bootsausflug\/\" class=\"wp-image-6588\" srcset=\"https:\/\/www.cape-coral.com\/info\/wp-content\/uploads\/2019\/02\/Bootsausflug.jpeg 333w, https:\/\/www.cape-coral.com\/info\/wp-content\/uploads\/2019\/02\/Bootsausflug-300x225.jpeg 300w\" sizes=\"(max-width: 333px) 100vw, 333px\" \/><\/figure><\/li><\/ul>\n\n\n\n<p>Auch wenn Florida nur ein Bundesstaat neben 49 weiteren ist, sollte man als erlebnishungriger Urlauber die Ausdehnung nicht untersch\u00e4tzen. Die vorgelagerte Halbinsel und das als Panhandle bezeichnete Festland sind zusammen fast halb so gro\u00df wie die Bundesrepublik Deutschland. Umso wohltuender ist es, nach einer anstrengenden Erlebnistour zu einem der <a href=\"https:\/\/www.cape-coral.com\/info\/vor-ort\/ausflugsziele\/\">zahlreichen Ausflugsziele<\/a> an einen Platz zur\u00fcckkehren zu k\u00f6nnen, an dem man neben den Beinen auch die Seele baumeln lassen kann. Wenn Ihnen der Sinn doch einmal nach einer ausgedehnten <a href=\"https:\/\/www.cape-coral.com\/info\/vor-ort\/einkaufen-in-cape-coral\/\">Shopping-Tour<\/a> steht, k\u00f6nnen Sie diesem Drang in einer der vielen Shopping-Malls oder einem Outletcenter nachgeben. <\/p>\n\n\n\n<h3>Was sie noch erwartet<\/h3>\n\n\n\n<p>Weitere Highlights warten u.a. im etwa 3 Stunden entfernten Orlando mit seinen zahlreichen Themenparks, z.B. Disney World und Magic Kingdom, oder in Ford Lauderdale auf Sie. Hier hatte \u00fcbrigens Gerd M\u00fcller, der \u201eBomber der Nation\u201c, nach seiner Karriere seine zweite Heimat gefunden. Die Speisekarte in seinem 1981 er\u00f6ffneten Restaurant \u201eAmbry\u201c f\u00fchrte sogar Wei\u00dfwurst und Leberk\u00e4s. Das Restaurant gibt es immer noch am Commercial Blvd. und die neuen Inhaber sind bis heute stolz auf die verschiedenen deutschen Biere im Angebot. F\u00fcr die Fahrt sollten Sie rund 2 Stunden einplanen.&nbsp;<br><\/p>\n\n\n\n<p>Sie w\u00fcrden am liebsten sofort die Koffer packen? Im Geiste planen Sie bereits die Belegung der Schlafzimmer in einer unserer Villen? Sie k\u00f6nnen den Pool und die Sonnenstrahlen auf Ihrer Haut schon sp\u00fcren? Dann z\u00f6gern Sie nicht. Setzen Sie sich mit uns in Verbindung, damit wir gemeinsam einen unvergesslichen Urlaub planen k\u00f6nnen. Wir freuen uns auf Sie!<br><\/p>\n\n\n\n<p><br><\/p>\n\n\n\n<div class=\"wp-block-button\"><a class=\"wp-block-button__link has-text-color has-very-dark-gray-color has-background\" href=\"https:\/\/www.cape-coral.com\/ferienhaus\/suche\" style=\"background-color:#fff200\">Zur \u00dcbersicht unserer&nbsp;<br>Ferienh\u00e4user<br>Klicken Sie HIER<br><\/a><\/div>\n\n\n\n<p><\/p>\n\n\n\n<p><br><br><\/p>\n","protected":false},"excerpt":{"rendered":"<div class=\"tmnf_excerpt clearfix\"><p>Wie w\u00e4re es mit einem luxuri\u00f6sen Ferienhaus als St\u00fctzpunkt? Mieten Sie dazu auf Wunsch Ihr eigenes Boot! Das muss kein Traum bleiben. Machen Sie sich unabh\u00e4ngig von vollen und lauten Hotelanlagen. Tauchen Sie ein in den Alltag der einheimischen Bev\u00f6lkerung. Genie\u00dfen Sie Ihren&nbsp;wohlverdienten Urlaub&nbsp;in einem&nbsp;paradiesisch gelegenen Ferienhaus&nbsp;mit beheizbarem Pool. Kennen Sie das Gef\u00fchl, sich an &hellip;<\/p>\n<\/div>","protected":false},"author":1,"featured_media":6723,"parent":0,"menu_order":0,"comment_status":"closed","ping_status":"closed","template":"","meta":{"_mi_skip_tracking":false},"_links":{"self":[{"href":"https:\/\/www.cape-coral.com\/info\/wp-json\/wp\/v2\/pages\/6760"}],"collection":[{"href":"https:\/\/www.cape-coral.com\/info\/wp-json\/wp\/v2\/pages"}],"about":[{"href":"https:\/\/www.cape-coral.com\/info\/wp-json\/wp\/v2\/types\/page"}],"author":[{"embeddable":true,"href":"https:\/\/www.cape-coral.com\/info\/wp-json\/wp\/v2\/users\/1"}],"replies":[{"embeddable":true,"href":"https:\/\/www.cape-coral.com\/info\/wp-json\/wp\/v2\/comments?post=6760"}],"version-history":[{"count":9,"href":"https:\/\/www.cape-coral.com\/info\/wp-json\/wp\/v2\/pages\/6760\/revisions"}],"predecessor-version":[{"id":6912,"href":"https:\/\/www.cape-coral.com\/info\/wp-json\/wp\/v2\/pages\/6760\/revisions\/6912"}],"wp:featuredmedia":[{"embeddable":true,"href":"https:\/\/www.cape-coral.com\/info\/wp-json\/wp\/v2\/media\/6723"}],"wp:attachment":[{"href":"https:\/\/www.cape-coral.com\/info\/wp-json\/wp\/v2\/media?parent=6760"}],"curies":[{"name":"wp","href":"https:\/\/api.w.org\/{rel}","templated":true}]}}